{"id":291,"date":"2017-10-31T22:54:11","date_gmt":"2017-10-31T21:54:11","guid":{"rendered":"http:\/\/pujc-si-auto.cz\/?page_id=291"},"modified":"2021-12-28T09:31:54","modified_gmt":"2021-12-28T08:31:54","slug":"cenik","status":"publish","type":"page","link":"http:\/\/pujc-si-auto.cz\/index.php\/cenik\/","title":{"rendered":"Cen\u00edk"},"content":{"rendered":"<h1 style=\"text-align: center;\"><span style=\"color: #000000;\"><strong>CEN\u00cdK<\/strong><\/span><\/h1>\n<h2><span style=\"color: #000000; font-family: helvetica, arial, sans-serif;\"><strong>Na\u0161e autop\u016fj\u010dovna nab\u00edz\u00ed jak kr\u00e1tkodob\u00e9, tak i dlouhodob\u00e9 pron\u00e1jmy voz\u016f.<br \/>\n<\/strong><\/span><\/h2>\n<h2><span style=\"color: #000000;\">\u00a0<\/span><\/h2>\n<h2><span style=\"color: #000000;\"><span style=\"font-family: helvetica, arial, sans-serif;\"><strong>I kdy\u017e <\/strong><\/span><span style=\"font-family: helvetica, arial, sans-serif;\"><strong>jste spokojeni, st\u00e1le mus\u00edte <\/strong><\/span><span style=\"font-family: helvetica, arial, sans-serif;\"><strong>auto <\/strong><\/span><span style=\"font-family: helvetica, arial, sans-serif;\"><strong>vr\u00e1tit v\u00a0\u010das.<\/strong><\/span><\/span><\/h2>\n<h2><span style=\"color: #000000; font-family: helvetica, arial, sans-serif;\"><strong>P\u016fj\u010dovn\u00e9 vozidel.<\/strong><\/span><\/h2>\n<table style=\"height: 431px;\" width=\"1201\">\n<tbody>\n<tr>\n<td width=\"84\"><span style=\"color: #000000; font-family: helvetica, arial, sans-serif;\">\u00a0<\/span><\/td>\n<td width=\"84\"><span style=\"color: #000000;\"><strong><span style=\"font-family: helvetica, arial, sans-serif;\">1-3 dny<\/span><\/strong><\/span><\/td>\n<td width=\"84\"><span style=\"color: #000000;\"><strong><span style=\"font-family: helvetica, arial, sans-serif;\">4-14 dn\u00ed<\/span><\/strong><\/span><\/td>\n<td width=\"84\"><span style=\"color: #000000;\"><strong><span style=\"font-family: helvetica, arial, sans-serif;\">15 a <\/span><\/strong><\/span><span style=\"color: #000000;\"><strong><span style=\"font-family: helvetica, arial, sans-serif;\">v\u00edce<\/span><\/strong><\/span><span style=\"color: #000000;\"><strong><span style=\"font-family: helvetica, arial, sans-serif;\"> dn\u00ed<br \/>\n<\/span><\/strong><\/span><\/td>\n<\/tr>\n<tr>\n<td style=\"text-align: center;\" width=\"84\">\n<h4><span style=\"color: #000000;\"><strong>\u0160koda Fabia III<br \/>\n<\/strong><\/span><\/h4>\n<\/td>\n<td width=\"84\"><span style=\"color: #000000;\"><strong>700 K\u010d \/ den<\/strong><\/span><\/td>\n<td width=\"84\"><span style=\"color: #000000;\"><strong>600 K\u010d \/ den<\/strong><\/span><\/td>\n<td width=\"84\"><span style=\"color: #000000;\"><strong>500 K\u010d \/ den<\/strong><\/span><\/td>\n<\/tr>\n<\/tbody>\n<\/table>\n<p><span style=\"color: #000000; font-size: 14pt; font-family: helvetica, arial, sans-serif;\"><strong>Nejsme pl\u00e1tci DPH.<\/strong><\/span><\/p>\n<p>* Mo\u017enost parkov\u00e1n\u00ed v Praze na placen\u00fdch zon\u00e1ch zdarma.<\/p>\n<p><span style=\"color: #000000;\"><span style=\"font-size: 14pt; font-family: helvetica, arial, sans-serif;\"><strong>Ceny jsou uvedeny za jeden kalend\u00e1\u0159n\u00ed den a je v\u00a0nich \u00a0zapo\u010d\u00edt\u00e1n n\u00e1jezd 80 km\/den. <\/strong><\/span><span style=\"font-size: 14pt; font-family: helvetica, arial, sans-serif;\"><strong>P\u0159i n\u00e1jezdu <\/strong><\/span><span style=\"font-size: 14pt; font-family: helvetica, arial, sans-serif;\"><strong>nad tento limit <\/strong><\/span><span style=\"font-size: 14pt; font-family: helvetica, arial, sans-serif;\"><strong>je u\u010dtov\u00e1n poplatek 3 K\u010d za ka\u017ed\u00fd kilometr nav\u00edc. <\/strong><\/span><\/span><\/p>\n<p><span style=\"color: #000000;\"><span style=\"font-size: 14pt; font-family: helvetica, arial, sans-serif;\"><strong>P\u0159i p\u0159evzet\u00ed dostanete vozidlo umyt\u00e9 a pln\u011b dotankovan\u00e9.<\/strong><\/span><\/span><\/p>\n<p><span style=\"color: #000000;\"><span style=\"font-size: 14pt; font-family: helvetica, arial, sans-serif;\"><strong>Vozidlo se vrac\u00ed ve stejn\u00e9m stavu v jak\u00e9m bylo zap\u016fj\u010deno.<br \/>\n<\/strong><\/span><\/span><\/p>\n<p>&nbsp;<\/p>\n<p><span style=\"color: #000000; font-size: 18pt; font-family: helvetica, arial, sans-serif;\"><strong>Vratn\u00e1 kauce 5000,- po \u010cR \/ 15000,- mimo \u010cR.<\/strong><\/span><\/p>\n<p><span style=\"color: #000000; font-size: 14pt; font-family: helvetica, arial, sans-serif;\">Vratn\u00e1 kauce a cena za n\u00e1jem vozidla se plat\u00ed v\u017edy p\u0159i podpisu smlouvy a to v\u00a0hotovosti, nebo p\u0159edem na \u00fa\u010det.<\/span><\/p>\n<h2><span style=\"color: #000000;\"><strong>Zv\u00fdhodn\u011bn\u00e9 p\u016fj\u010dovn\u00e9.<\/strong><\/span><\/h2>\n<h3><span style=\"color: #000000;\">Ka\u017ed\u00fd absolvent auto\u0161koly Wyrwolov\u00e1 m\u00e1 slevu 10%.<\/span><\/h3>\n<h3><span style=\"color: #000000;\">Vozidlo je mo\u017en\u00e9 zap\u016fj\u010dit od pond\u011bl\u00ed do p\u00e1tku. V p\u0159\u00edpad\u011b v\u00edkendu je mo\u017enost zap\u016fj\u010den\u00ed pouze od p\u00e1tku do pond\u011bl\u00ed.<\/span><\/h3>\n","protected":false},"excerpt":{"rendered":"<p>CEN\u00cdK Na\u0161e autop\u016fj\u010dovna nab\u00edz\u00ed jak kr\u00e1tkodob\u00e9, tak i dlouhodob\u00e9 pron\u00e1jmy voz\u016f. \u00a0 I kdy\u017e jste spokojeni, st\u00e1le mus\u00edte auto vr\u00e1tit v\u00a0\u010das. P\u016fj\u010dovn\u00e9 vozidel. \u00a0 1-3 dny 4-14 dn\u00ed 15 a v\u00edce dn\u00ed \u0160koda Fabia III 700 K\u010d \/ den 600 K\u010d \/ den 500 K\u010d \/ den Nejsme pl\u00e1tci DPH. * Mo\u017enost parkov\u00e1n\u00ed v Praze [&hellip;]<\/p>\n","protected":false},"author":1,"featured_media":0,"parent":0,"menu_order":0,"comment_status":"closed","ping_status":"closed","template":"","meta":[],"yoast_head":"<!-- This site is optimized with the Yoast SEO plugin v20.2.1 - https:\/\/yoast.com\/wordpress\/plugins\/seo\/ -->\n<title>Autop\u016fj\u010dovna Wyrwolov\u00e1 - Cen\u00edk<\/title>\n<meta name=\"robots\" content=\"index, follow, max-snippet:-1, max-image-preview:large, max-video-preview:-1\" \/>\n<link rel=\"canonical\" href=\"https:\/\/pujc-si-auto.cz\/index.php\/cenik\/\" \/>\n<meta property=\"og:locale\" content=\"cs_CZ\" \/>\n<meta property=\"og:type\" content=\"article\" \/>\n<meta property=\"og:title\" content=\"Autop\u016fj\u010dovna Wyrwolov\u00e1 - Cen\u00edk\" \/>\n<meta property=\"og:description\" content=\"CEN\u00cdK Na\u0161e autop\u016fj\u010dovna nab\u00edz\u00ed jak kr\u00e1tkodob\u00e9, tak i dlouhodob\u00e9 pron\u00e1jmy voz\u016f. \u00a0 I kdy\u017e jste spokojeni, st\u00e1le mus\u00edte auto vr\u00e1tit v\u00a0\u010das. P\u016fj\u010dovn\u00e9 vozidel. \u00a0 1-3 dny 4-14 dn\u00ed 15 a v\u00edce dn\u00ed \u0160koda Fabia III 700 K\u010d \/ den 600 K\u010d \/ den 500 K\u010d \/ den Nejsme pl\u00e1tci DPH. * Mo\u017enost parkov\u00e1n\u00ed v Praze [&hellip;]\" \/>\n<meta property=\"og:url\" content=\"https:\/\/pujc-si-auto.cz\/index.php\/cenik\/\" \/>\n<meta property=\"og:site_name\" content=\"Autop\u016fj\u010dovna Wyrwolov\u00e1\" \/>\n<meta property=\"article:modified_time\" content=\"2021-12-28T08:31:54+00:00\" \/>\n<meta name=\"twitter:card\" content=\"summary_large_image\" \/>\n<meta name=\"twitter:label1\" content=\"Odhadovan\u00e1 doba \u010dten\u00ed\" \/>\n\t<meta name=\"twitter:data1\" content=\"1 minuta\" \/>\n<script type=\"application\/ld+json\" class=\"yoast-schema-graph\">{\"@context\":\"https:\/\/schema.org\",\"@graph\":[{\"@type\":\"WebPage\",\"@id\":\"https:\/\/pujc-si-auto.cz\/index.php\/cenik\/\",\"url\":\"https:\/\/pujc-si-auto.cz\/index.php\/cenik\/\",\"name\":\"Autop\u016fj\u010dovna Wyrwolov\u00e1 - Cen\u00edk\",\"isPartOf\":{\"@id\":\"https:\/\/pujc-si-auto.cz\/#website\"},\"datePublished\":\"2017-10-31T21:54:11+00:00\",\"dateModified\":\"2021-12-28T08:31:54+00:00\",\"breadcrumb\":{\"@id\":\"https:\/\/pujc-si-auto.cz\/index.php\/cenik\/#breadcrumb\"},\"inLanguage\":\"cs\",\"potentialAction\":[{\"@type\":\"ReadAction\",\"target\":[\"https:\/\/pujc-si-auto.cz\/index.php\/cenik\/\"]}]},{\"@type\":\"BreadcrumbList\",\"@id\":\"https:\/\/pujc-si-auto.cz\/index.php\/cenik\/#breadcrumb\",\"itemListElement\":[{\"@type\":\"ListItem\",\"position\":1,\"name\":\"Dom\u016f\",\"item\":\"https:\/\/pujc-si-auto.cz\/\"},{\"@type\":\"ListItem\",\"position\":2,\"name\":\"Cen\u00edk\"}]},{\"@type\":\"WebSite\",\"@id\":\"https:\/\/pujc-si-auto.cz\/#website\",\"url\":\"https:\/\/pujc-si-auto.cz\/\",\"name\":\"Autop\u016fj\u010dovna Wyrwolov\u00e1\",\"description\":\"pujc-si-auto.cz\",\"potentialAction\":[{\"@type\":\"SearchAction\",\"target\":{\"@type\":\"EntryPoint\",\"urlTemplate\":\"https:\/\/pujc-si-auto.cz\/?s={search_term_string}\"},\"query-input\":\"required name=search_term_string\"}],\"inLanguage\":\"cs\"}]}<\/script>\n<!-- \/ Yoast SEO plugin. -->","yoast_head_json":{"title":"Autop\u016fj\u010dovna Wyrwolov\u00e1 - Cen\u00edk","robots":{"index":"index","follow":"follow","max-snippet":"max-snippet:-1","max-image-preview":"max-image-preview:large","max-video-preview":"max-video-preview:-1"},"canonical":"https:\/\/pujc-si-auto.cz\/index.php\/cenik\/","og_locale":"cs_CZ","og_type":"article","og_title":"Autop\u016fj\u010dovna Wyrwolov\u00e1 - Cen\u00edk","og_description":"CEN\u00cdK Na\u0161e autop\u016fj\u010dovna nab\u00edz\u00ed jak kr\u00e1tkodob\u00e9, tak i dlouhodob\u00e9 pron\u00e1jmy voz\u016f. \u00a0 I kdy\u017e jste spokojeni, st\u00e1le mus\u00edte auto vr\u00e1tit v\u00a0\u010das. P\u016fj\u010dovn\u00e9 vozidel. \u00a0 1-3 dny 4-14 dn\u00ed 15 a v\u00edce dn\u00ed \u0160koda Fabia III 700 K\u010d \/ den 600 K\u010d \/ den 500 K\u010d \/ den Nejsme pl\u00e1tci DPH. * Mo\u017enost parkov\u00e1n\u00ed v Praze [&hellip;]","og_url":"https:\/\/pujc-si-auto.cz\/index.php\/cenik\/","og_site_name":"Autop\u016fj\u010dovna Wyrwolov\u00e1","article_modified_time":"2021-12-28T08:31:54+00:00","twitter_card":"summary_large_image","twitter_misc":{"Odhadovan\u00e1 doba \u010dten\u00ed":"1 minuta"},"schema":{"@context":"https:\/\/schema.org","@graph":[{"@type":"WebPage","@id":"https:\/\/pujc-si-auto.cz\/index.php\/cenik\/","url":"https:\/\/pujc-si-auto.cz\/index.php\/cenik\/","name":"Autop\u016fj\u010dovna Wyrwolov\u00e1 - Cen\u00edk","isPartOf":{"@id":"https:\/\/pujc-si-auto.cz\/#website"},"datePublished":"2017-10-31T21:54:11+00:00","dateModified":"2021-12-28T08:31:54+00:00","breadcrumb":{"@id":"https:\/\/pujc-si-auto.cz\/index.php\/cenik\/#breadcrumb"},"inLanguage":"cs","potentialAction":[{"@type":"ReadAction","target":["https:\/\/pujc-si-auto.cz\/index.php\/cenik\/"]}]},{"@type":"BreadcrumbList","@id":"https:\/\/pujc-si-auto.cz\/index.php\/cenik\/#breadcrumb","itemListElement":[{"@type":"ListItem","position":1,"name":"Dom\u016f","item":"https:\/\/pujc-si-auto.cz\/"},{"@type":"ListItem","position":2,"name":"Cen\u00edk"}]},{"@type":"WebSite","@id":"https:\/\/pujc-si-auto.cz\/#website","url":"https:\/\/pujc-si-auto.cz\/","name":"Autop\u016fj\u010dovna Wyrwolov\u00e1","description":"pujc-si-auto.cz","potentialAction":[{"@type":"SearchAction","target":{"@type":"EntryPoint","urlTemplate":"https:\/\/pujc-si-auto.cz\/?s={search_term_string}"},"query-input":"required name=search_term_string"}],"inLanguage":"cs"}]}},"jetpack_sharing_enabled":true,"jetpack_shortlink":"https:\/\/wp.me\/P9IqPX-4H","jetpack_likes_enabled":true,"jetpack-related-posts":[{"id":94,"url":"http:\/\/pujc-si-auto.cz\/index.php\/skoda-rapid-spacebek-bily\/","url_meta":{"origin":291,"position":0},"title":"\u0160koda Fabia III","date":"21.10.2017","format":false,"excerpt":"Fabia III je pohledn\u00e9 a praktick\u00e9 vozidlo. Kter\u00e9 V\u00e1s\u00a0 p\u0159ekvap\u00ed svou dynamikou a proto tento v\u016fz je vhon\u00fd na jakoukoli cestu \u010di rodinn\u00fd v\u00fdlet. \u00a0 330 l\/1150 l5 osob5ti dv\u00e9\u0159ov\u00fd5,5 l \/ 100 km |\u00a0benz\u00ednmanu\u00e1ln\u00ed8\/2018Cen\u00edk\u00a0Standard\u00a01-3 dny700 K\u010d\/den \u00a04-14 dn\u00ed600 K\u010d\/den \u00a015 a v\u00edce dn\u00ed500 K\u010d\/den \u00a0\u00a0Nejsme pl\u00e1tci DPH.P\u0159i p\u0159evzet\u00ed dostanete\u2026","rel":"","context":"Similar post","img":{"alt_text":"","src":"https:\/\/i0.wp.com\/pujc-si-auto.cz\/wp-content\/uploads\/2021\/12\/fabia-1-e1640681475914.png?fit=720%2C310&resize=350%2C200","width":350,"height":200},"classes":[]}],"_links":{"self":[{"href":"http:\/\/pujc-si-auto.cz\/index.php\/wp-json\/wp\/v2\/pages\/291"}],"collection":[{"href":"http:\/\/pujc-si-auto.cz\/index.php\/wp-json\/wp\/v2\/pages"}],"about":[{"href":"http:\/\/pujc-si-auto.cz\/index.php\/wp-json\/wp\/v2\/types\/page"}],"author":[{"embeddable":true,"href":"http:\/\/pujc-si-auto.cz\/index.php\/wp-json\/wp\/v2\/users\/1"}],"replies":[{"embeddable":true,"href":"http:\/\/pujc-si-auto.cz\/index.php\/wp-json\/wp\/v2\/comments?post=291"}],"version-history":[{"count":2,"href":"http:\/\/pujc-si-auto.cz\/index.php\/wp-json\/wp\/v2\/pages\/291\/revisions"}],"predecessor-version":[{"id":846,"href":"http:\/\/pujc-si-auto.cz\/index.php\/wp-json\/wp\/v2\/pages\/291\/revisions\/846"}],"wp:attachment":[{"href":"http:\/\/pujc-si-auto.cz\/index.php\/wp-json\/wp\/v2\/media?parent=291"}],"curies":[{"name":"wp","href":"https:\/\/api.w.org\/{rel}","templated":true}]}}